{"id":445,"date":"2022-04-28T00:58:41","date_gmt":"2022-04-27T22:58:41","guid":{"rendered":"https:\/\/repairedemorrigan.fr\/?page_id=445"},"modified":"2024-01-31T19:52:11","modified_gmt":"2024-01-31T18:52:11","slug":"politique-de-confidentialite","status":"publish","type":"page","link":"https:\/\/repairedemorrigan.fr\/?page_id=445","title":{"rendered":"Politique de Confidentialit\u00e9"},"content":{"rendered":"\n<p><\/p>\n\n\n\n<p>ARTICLE 1 \u2013 RENSEIGNEMENTS PERSONNELS RECUEILLIS<br><br>Nous recevons, collectons et stockons toute information que vous saisissez sur notre site web <a href=\"http:\/\/www.repairedemorrigan.fr\">www.repairedemorrigan.fr<\/a> ou que vous nous fournissez de toute autre mani\u00e8re, lors de la cr\u00e9ation du compte personnel de l\u2019utilisateur et de votre navigation sur le site.<\/p>\n\n\n\n<p>Lorsque vous effectuez un achat sur notre boutique, dans le cadre de notre processus d\u2019achat et de vente, nous recueillons les renseignements personnels que vous nous fournissez, tels que votre nom, votre adresse et votre adresse e-mail.<\/p>\n\n\n\n<p>Lorsque vous naviguez sur notre boutique, nous recevons \u00e9galement automatiquement l\u2019adresse de protocole Internet (adresse IP) de votre ordinateur, qui nous permet d\u2019obtenir plus de d\u00e9tails au sujet du navigateur et du syst\u00e8me d\u2019exploitation que vous utilisez.<\/p>\n\n\n\n<p><br>La collecte de ces donn\u00e9es a pour&nbsp;finalit\u00e9&nbsp;:<\/p>\n\n\n\n<p>-le bon traitement de votre commande, et ne peut faire ult\u00e9rieurement l&rsquo;objet d&rsquo;un traitement incompatible avec cette finalit\u00e9.<\/p>\n\n\n\n<p>&#8211; permettre la navigation sur le site, la gestion et la tra\u00e7abilit\u00e9 des prestations et services command\u00e9s par l\u2019utilisateur<\/p>\n\n\n\n<p>&#8211; fournir \u00e0 nos utilisateurs une assistance et un support technique<\/p>\n\n\n\n<p>-pouvoir contacter nos visiteurs et utilisateurs par email, avec votre permission, nous pourrions vous envoyer des e-mails au sujet de notre boutique, de nouveaux produits et d\u2019autres mises \u00e0 jour.<\/p>\n\n\n\n<p>Nous ne collectons que les donn\u00e9es ad\u00e9quates, pertinentes et limit\u00e9es \u00e0 ce qui est n\u00e9cessaire au regard des finalit\u00e9s de traitement et rien de plus dans&nbsp;un soucis de&nbsp;minimisation des donn\u00e9es.&nbsp;<\/p>\n\n\n\n<p>Ces donn\u00e9es sont trait\u00e9es avec&nbsp;exactitude&nbsp;et dans&nbsp;le strict respect des principes de&nbsp;lic\u00e9it\u00e9, de&nbsp;loyaut\u00e9&nbsp;et de&nbsp;transparence.&nbsp;<\/p>\n\n\n\n<p>La dur\u00e9e de&nbsp;conservation&nbsp;de ces donn\u00e9es sera&nbsp;limit\u00e9e&nbsp;\u00e0 36 mois sous une forme permettant l&rsquo;identification des personnes concern\u00e9es.<br><br><br>ARTICLE 2 \u2013 CONSENTEMENT<br><br>Comment obtenez-vous mon consentement ?<br><br>Lorsque vous nous fournissez vos renseignements personnels pour conclure une transaction, v\u00e9rifier votre carte de cr\u00e9dit, passer une commande, planifier une livraison ou retourner un achat, nous pr\u00e9sumons que vous consentez \u00e0 ce que nous recueillions vos renseignements et \u00e0 ce que nous les utilisions \u00e0 cette fin uniquement.<br><br>Si nous vous demandons de nous fournir vos renseignements personnels pour une autre raison, \u00e0 des fins de marketing par exemple, nous vous demanderons directement votre consentement explicite, ou nous vous donnerons la possibilit\u00e9 de refuser.<br><br>Comment puis-je retirer mon consentement ?<br><br>Si apr\u00e8s nous avoir donn\u00e9 votre consentement, vous changez d\u2019avis et ne consentez plus \u00e0 ce que nous puissions vous contacter, ou recueillir vos renseignements, vous pouvez nous en aviser en nous contactant \u00e0 <a href=\"mailto:repairedemorrigan@gmail.com\">repairedemorrigan@gmail.com<\/a>.<br><br>ARTICLE 3 \u2013 DIVULGATION<br><br>Nous pouvons divulguer vos renseignements personnels si la loi nous oblige \u00e0 le faire ou si vous violez nos Conditions G\u00e9n\u00e9rales de Vente et d\u2019Utilisation.<br><br>ARTICLE 4 \u2013 OVH &amp; SECURITE<br><br>Notre boutique est h\u00e9berg\u00e9e sur OVH. Ils nous fournissent la plate-forme e-commerce en ligne qui nous permet de vous vendre nos services et produits.<br><br>Vos donn\u00e9es sont stock\u00e9es dans le syst\u00e8me de stockage de donn\u00e9es et les bases de donn\u00e9es de OVH, et dans l\u2019application g\u00e9n\u00e9rale de WooCommerce. Vos donn\u00e9es sont conserv\u00e9es sur un serveur s\u00e9curis\u00e9 prot\u00e9g\u00e9 par un pare-feu.<br><br>Paiement :<br><br>Toutes les passerelles de paiement direct propos\u00e9es par WooCommerce et utilis\u00e9es par notre entreprise respectent les normes \u00e9tablies par PCI-DSS, telles que g\u00e9r\u00e9es par le PCI Security Standards Council, qui est un effort conjoint de marques comme Visa, MasterCard, American Express et Discover. Les exigences PCI-DSS contribuent \u00e0 garantir le traitement s\u00e9curis\u00e9 des informations relatives aux cartes de cr\u00e9dit par notre boutique et ses fournisseurs de services.<\/p>\n\n\n\n<p>Vos donn\u00e9es sont trait\u00e9es avec&nbsp;int\u00e9grit\u00e9&nbsp;et&nbsp;confidentialit\u00e9.<br><br>ARTICLE 5 \u2013 SERVICES FOURNIS PAR DES TIERS<br><br>De mani\u00e8re g\u00e9n\u00e9rale, les fournisseurs tiers que nous utilisons vont uniquement recueillir, utiliser et divulguer vos renseignements dans la mesure du n\u00e9cessaire pour pouvoir r\u00e9aliser les services qu\u2019ils nous fournissent.<br><br>Cependant, certains tiers fournisseurs de services, comme les passerelles de paiement et autres processeurs de transactions de paiement, poss\u00e8dent leurs propres politiques de confidentialit\u00e9 quant aux renseignements que nous sommes tenus de leur fournir pour vos transactions d\u2019achat.<br><br>En ce qui concerne ces fournisseurs, nous vous recommandons de lire attentivement leurs politiques de confidentialit\u00e9 pour que vous puissiez comprendre la mani\u00e8re dont ils traiteront vos renseignements personnels.<br><br>Il ne faut pas oublier que certains fournisseurs peuvent \u00eatre situ\u00e9s o\u00f9 avoir des installations situ\u00e9es dans une juridiction diff\u00e9rente de la v\u00f4tre ou de la n\u00f4tre. Donc si vous d\u00e9cidez de poursuivre une transaction qui requiert les services d\u2019un fournisseur tiers, vos renseignements pourraient alors \u00eatre r\u00e9gis par les lois de la juridiction dans laquelle ce fournisseur se situe ou celles de la juridiction dans laquelle ses installations sont situ\u00e9es.<br><br>\u00c0 titre d\u2019exemple, si vous \u00eates situ\u00e9 au Canada et que votre transaction est trait\u00e9e par une passerelle de paiement situ\u00e9e aux \u00c9tats-Unis, les renseignements vous appartenant qui ont \u00e9t\u00e9 utilis\u00e9s pour conclure la transaction pourraient \u00eatre divulgu\u00e9s en vertu de la l\u00e9gislation des \u00c9tats-Unis, y compris le Patriot Act.<br><br>Une fois que vous quittez le site de notre boutique ou que vous \u00eates redirig\u00e9 vers le site web ou l\u2019application d\u2019un tiers, vous n\u2019\u00eates plus r\u00e9gi par la pr\u00e9sente Politique de Confidentialit\u00e9 ni par les Conditions G\u00e9n\u00e9rales de Vente et d\u2019Utilisation de notre site web.<br><br>Liens<br><br>Vous pourriez \u00eatre amen\u00e9 \u00e0 quitter notre site web en cliquant sur certains liens pr\u00e9sents sur notre site. Nous n\u2019assumons aucune responsabilit\u00e9 quant aux pratiques de confidentialit\u00e9 exerc\u00e9es par ces autres sites et vous recommandons de lire attentivement leurs politiques de confidentialit\u00e9.<br><br><br>ARTICLE 6&nbsp;&#8211; FICHIERS T\u00c9MOINS (COOKIES)<br><br>La navigation sur le site&nbsp;<a href=\"http:\/\/www.repairedemorrigan.fr\">www.repairedemorrigan.fr<\/a>&nbsp;est susceptible de provoquer l\u2019installation de cookie(s) sur l\u2019ordinateur de l\u2019utilisateur. Un cookie est un fichier de petite taille, qui ne permet pas l\u2019identification de l\u2019utilisateur, mais qui enregistre des informations relatives \u00e0 la navigation d\u2019un ordinateur sur un site. Les donn\u00e9es ainsi obtenues visent \u00e0 faciliter la navigation ult\u00e9rieure sur le site, et ont \u00e9galement vocation \u00e0 permettre diverses mesures de fr\u00e9quentation.<\/p>\n\n\n\n<p>Le refus d\u2019installation d\u2019un cookie peut entra\u00eener l\u2019impossibilit\u00e9 d\u2019acc\u00e9der \u00e0 certains services. L\u2019utilisateur peut toutefois configurer son ordinateur de la mani\u00e8re suivante, pour refuser l\u2019installation des cookies :<\/p>\n\n\n\n<p>Sous Internet Explorer : onglet outil (pictogramme en forme de rouage en haut \u00e0 droite) \/ options internet. Cliquez sur Confidentialit\u00e9 et choisissez Bloquer tous les cookies. Validez sur Ok.<\/p>\n\n\n\n<p>Sous Firefox : en haut de la fen\u00eatre du navigateur, cliquez sur le bouton Firefox, puis allez dans l&rsquo;onglet Param\u00e8tres. Cliquez sur l&rsquo;onglet Vie priv\u00e9e et s\u00e9curit\u00e9. Param\u00e9trez les R\u00e8gles de conservation sur : utiliser les param\u00e8tres personnalis\u00e9s, puis d\u00e9sactivez les cookies. <\/p>\n\n\n\n<p>Sous Safari : Cliquez en haut \u00e0 droite du navigateur sur le pictogramme de menu (symbolis\u00e9 par un rouage). S\u00e9lectionnez Param\u00e8tres. Cliquez sur Afficher les param\u00e8tres avanc\u00e9s. Dans la section \u00ab\u00a0Confidentialit\u00e9\u00a0\u00bb, cliquez sur Param\u00e8tres de contenu. Dans la section \u00ab\u00a0Cookies\u00a0\u00bb, vous pouvez bloquer les cookies.<\/p>\n\n\n\n<p>Sous Chrome : Cliquez en haut \u00e0 droite du navigateur sur le pictogramme de menu (symbolis\u00e9 par trois lignes horizontales). S\u00e9lectionnez Param\u00e8tres. Cliquez sur Afficher les param\u00e8tres avanc\u00e9s. Dans la section \u00ab\u00a0Confidentialit\u00e9\u00a0\u00bb, cliquez sur pr\u00e9f\u00e9rences. Dans l&rsquo;onglet \u00ab\u00a0Confidentialit\u00e9\u00a0\u00bb, vous pouvez bloquer les cookies.<\/p>\n\n\n\n<p><br>ARTICLE 7 \u2013 MODIFICATIONS APPORT\u00c9ES \u00c0 LA PR\u00c9SENTE POLITIQUE DE CONFIDENTIALIT\u00c9<br><br>Nous nous r\u00e9servons le droit de modifier la pr\u00e9sente politique de confidentialit\u00e9 \u00e0 tout moment, donc veuillez s\u2019il vous plait la consulter fr\u00e9quemment. Les changements et les clarifications prendront effet imm\u00e9diatement apr\u00e8s leur publication sur le site web. Si nous apportons des changements au contenu de cette politique, nous vous aviserons ici qu\u2019elle a \u00e9t\u00e9 mise \u00e0 jour, pour que vous sachiez quels renseignements nous recueillons, la mani\u00e8re dont nous les utilisons, et dans quelles circonstances nous les divulguons, s\u2019il y a lieu de le faire.<br><br>Si notre boutique fait l\u2019objet d\u2019une acquisition par ou d\u2019une fusion avec une autre entreprise, vos renseignements pourraient \u00eatre transf\u00e9r\u00e9s aux nouveaux propri\u00e9taires pour que nous puissions continuer \u00e0 vous vendre des produits.<br><br>ARTICLE 8 &#8211; QUESTIONS ET COORDONN\u00c9ES<br><br>Si vous souhaitez acc\u00e9der \u00e0, corriger, modifier ou supprimer toute information personnelle que nous avons \u00e0 votre sujet, vous pouvez le faire directement sur votre espace personnel, ou nous contacter par mail \u00e0 <a href=\"mailto:repairedemorrigan@gmail.com\">repairedemorrigan@gmail.com<\/a><\/p>\n","protected":false},"excerpt":{"rendered":"<p>ARTICLE 1 \u2013 RENSEIGNEMENTS PERSONNELS RECUEILLIS Nous recevons, collectons et stockons toute information que vous saisissez sur notre site web www.repairedemorrigan.fr ou que vous nous fournissez de toute autre mani\u00e8re, lors de la cr\u00e9ation du compte personnel de l\u2019utilisateur et de votre navigation sur le site. Lorsque vous effectuez un achat sur notre boutique, dans [&hellip;]<\/p>\n","protected":false},"author":1,"featured_media":0,"parent":0,"menu_order":0,"comment_status":"closed","ping_status":"closed","template":"","meta":{"footnotes":""},"class_list":["post-445","page","type-page","status-publish","hentry"],"jetpack_sharing_enabled":true,"_links":{"self":[{"href":"https:\/\/repairedemorrigan.fr\/index.php?rest_route=\/wp\/v2\/pages\/445","targetHints":{"allow":["GET"]}}],"collection":[{"href":"https:\/\/repairedemorrigan.fr\/index.php?rest_route=\/wp\/v2\/pages"}],"about":[{"href":"https:\/\/repairedemorrigan.fr\/index.php?rest_route=\/wp\/v2\/types\/page"}],"author":[{"embeddable":true,"href":"https:\/\/repairedemorrigan.fr\/index.php?rest_route=\/wp\/v2\/users\/1"}],"replies":[{"embeddable":true,"href":"https:\/\/repairedemorrigan.fr\/index.php?rest_route=%2Fwp%2Fv2%2Fcomments&post=445"}],"version-history":[{"count":14,"href":"https:\/\/repairedemorrigan.fr\/index.php?rest_route=\/wp\/v2\/pages\/445\/revisions"}],"predecessor-version":[{"id":1254,"href":"https:\/\/repairedemorrigan.fr\/index.php?rest_route=\/wp\/v2\/pages\/445\/revisions\/1254"}],"wp:attachment":[{"href":"https:\/\/repairedemorrigan.fr\/index.php?rest_route=%2Fwp%2Fv2%2Fmedia&parent=445"}],"curies":[{"name":"wp","href":"https:\/\/api.w.org\/{rel}","templated":true}]}}