{"id":9,"date":"2022-04-12T19:06:38","date_gmt":"2022-04-12T17:06:38","guid":{"rendered":"http:\/\/repairedemorrigan.fr\/?page_id=9"},"modified":"2023-11-17T11:59:07","modified_gmt":"2023-11-17T10:59:07","slug":"a-propos-de","status":"publish","type":"page","link":"https:\/\/repairedemorrigan.fr\/?page_id=9","title":{"rendered":"\u00c0 propos"},"content":{"rendered":"\n<h2 class=\"wp-block-heading has-huge-font-size\"><em>Le Repaire de Morrigan <\/em><\/h2>\n\n\n\n<div style=\"height:0px\" aria-hidden=\"true\" class=\"wp-block-spacer\"><\/div>\n\n\n\n<div style=\"height:51px\" aria-hidden=\"true\" class=\"wp-block-spacer\"><\/div>\n\n\n\n<div class=\"wp-block-media-text is-stacked-on-mobile\"><figure class=\"wp-block-media-text__media\"><img fetchpriority=\"high\" decoding=\"async\" width=\"769\" height=\"1024\" src=\"https:\/\/repairedemorrigan.fr\/wp-content\/uploads\/2022\/04\/Photo-Profil-shoot-769x1024.jpeg\" alt=\"\" class=\"wp-image-381 size-full\" srcset=\"https:\/\/repairedemorrigan.fr\/wp-content\/uploads\/2022\/04\/Photo-Profil-shoot-769x1024.jpeg 769w, https:\/\/repairedemorrigan.fr\/wp-content\/uploads\/2022\/04\/Photo-Profil-shoot-225x300.jpeg 225w, https:\/\/repairedemorrigan.fr\/wp-content\/uploads\/2022\/04\/Photo-Profil-shoot-768x1023.jpeg 768w, https:\/\/repairedemorrigan.fr\/wp-content\/uploads\/2022\/04\/Photo-Profil-shoot-1153x1536.jpeg 1153w, https:\/\/repairedemorrigan.fr\/wp-content\/uploads\/2022\/04\/Photo-Profil-shoot-1538x2048.jpeg 1538w, https:\/\/repairedemorrigan.fr\/wp-content\/uploads\/2022\/04\/Photo-Profil-shoot-416x554.jpeg 416w, https:\/\/repairedemorrigan.fr\/wp-content\/uploads\/2022\/04\/Photo-Profil-shoot-scaled.jpeg 1922w\" sizes=\"(max-width: 769px) 100vw, 769px\" \/><\/figure><div class=\"wp-block-media-text__content\">\n<p class=\"has-large-font-size\">Bonjour, je suis la cr\u00e9atrice \u00e0 l&rsquo;origine du <em>Repaire de Morrigan<\/em>.  <\/p>\n\n\n\n<p class=\"has-normal-font-size\">Je suis passionn\u00e9e d&rsquo;histoire, de fantasy et de jeux vid\u00e9o, et c&rsquo;est tout naturellement que je me suis tourn\u00e9e vers le travail du cuir. Je me suis form\u00e9e en autodidacte, puis j&rsquo;ai d\u00e9cid\u00e9 de me lancer dans cette activit\u00e9 \u00e0 plein temps. <\/p>\n\n\n\n<p class=\"has-normal-font-size\">J&rsquo;aime \u00e9norm\u00e9ment la mythologie, plus particuli\u00e8rement la mythologie nordique et celtique, je m&rsquo;en inspire pour cr\u00e9er mes articles en cuir. Vous le constaterez s\u00fbrement dans les design choisis. <\/p>\n\n\n\n<p class=\"has-normal-font-size\">Je mets beaucoup de c\u0153ur dans mes cr\u00e9ations et chaque article est enti\u00e8rement confectionn\u00e9 \u00e0 la main: les patrons, les d\u00e9coupes, le repoussage des motifs, la teinture, la couture, et les finitions.  <\/p>\n\n\n\n<p class=\"has-normal-font-size\">Je vous souhaite une bonne visite sur le site, et j&rsquo;esp\u00e8re que mes cr\u00e9ations vous plairont. <\/p>\n\n\n\n<p class=\"has-normal-font-size\">A tr\u00e8s vite, <\/p>\n\n\n\n<p class=\"has-normal-font-size\">Morrigan<\/p>\n\n\n\n<p><\/p>\n<\/div><\/div>\n\n\n\n<p><\/p>\n","protected":false},"excerpt":{"rendered":"<p>Le Repaire de Morrigan Bonjour, je suis la cr\u00e9atrice \u00e0 l&rsquo;origine du Repaire de Morrigan. Je suis passionn\u00e9e d&rsquo;histoire, de fantasy et de jeux vid\u00e9o, et c&rsquo;est tout naturellement que je me suis tourn\u00e9e vers le travail du cuir. Je me suis form\u00e9e en autodidacte, puis j&rsquo;ai d\u00e9cid\u00e9 de me lancer dans cette activit\u00e9 \u00e0 [&hellip;]<\/p>\n","protected":false},"author":1,"featured_media":0,"parent":0,"menu_order":0,"comment_status":"closed","ping_status":"closed","template":"","meta":{"footnotes":""},"class_list":["post-9","page","type-page","status-publish","hentry"],"jetpack_sharing_enabled":true,"_links":{"self":[{"href":"https:\/\/repairedemorrigan.fr\/index.php?rest_route=\/wp\/v2\/pages\/9","targetHints":{"allow":["GET"]}}],"collection":[{"href":"https:\/\/repairedemorrigan.fr\/index.php?rest_route=\/wp\/v2\/pages"}],"about":[{"href":"https:\/\/repairedemorrigan.fr\/index.php?rest_route=\/wp\/v2\/types\/page"}],"author":[{"embeddable":true,"href":"https:\/\/repairedemorrigan.fr\/index.php?rest_route=\/wp\/v2\/users\/1"}],"replies":[{"embeddable":true,"href":"https:\/\/repairedemorrigan.fr\/index.php?rest_route=%2Fwp%2Fv2%2Fcomments&post=9"}],"version-history":[{"count":19,"href":"https:\/\/repairedemorrigan.fr\/index.php?rest_route=\/wp\/v2\/pages\/9\/revisions"}],"predecessor-version":[{"id":1189,"href":"https:\/\/repairedemorrigan.fr\/index.php?rest_route=\/wp\/v2\/pages\/9\/revisions\/1189"}],"wp:attachment":[{"href":"https:\/\/repairedemorrigan.fr\/index.php?rest_route=%2Fwp%2Fv2%2Fmedia&parent=9"}],"curies":[{"name":"wp","href":"https:\/\/api.w.org\/{rel}","templated":true}]}}