{"id":1348,"date":"2024-09-28T11:29:26","date_gmt":"2024-09-28T09:29:26","guid":{"rendered":"https:\/\/repairedemorrigan.fr\/?post_type=product&#038;p=1348"},"modified":"2024-09-28T11:57:30","modified_gmt":"2024-09-28T09:57:30","slug":"serre-taille-snake","status":"publish","type":"product","link":"https:\/\/repairedemorrigan.fr\/?product=serre-taille-snake","title":{"rendered":"Serre-Taille \u00ab\u00a0Snake\u00a0\u00bb"},"content":{"rendered":"","protected":false},"excerpt":{"rendered":"<p>Serre-Taille ~ <em><strong>Snake<\/strong> <\/em>~ <em><strong><br \/>\n<\/strong><\/em><\/p>\n<p>Pour ce serre-taille, j&rsquo;ai choisi de faire un joli repoussage sur les bords et choisi de le teindre dans la couleur noire.Il est \u00e9galement dot\u00e9 d&rsquo;un joli motif de serpent et de lunes. Pour pouvoir l&rsquo;ajuster facilement, j&rsquo;ai mis des la\u00e7ages dans le dos.<\/p>\n<p>Le serre-taille est int\u00e9gralement <b>en cuir<\/b> de tannage v\u00e9g\u00e9tal.<\/p>\n<p>Il peut se porter avec une robe, une chemise ou autre. Il est parfait pour agr\u00e9menter vos costumes de GN.<\/p>\n<p>Il est enti\u00e8rement<b> confectionn\u00e9 \u00e0 la main<\/b> dans mon atelier : patron, d\u00e9coupes, repoussage, teinture, coutures au fil de lin poiss\u00e9, et finitions.<\/p>\n<p><b>Couleurs<\/b> : Noir<\/p>\n<p><strong>Taille<\/strong> : XS-S<br \/>\nMesures au plus serr\u00e9\u00a0:<br \/>\nC\u00f4tes : 77<br \/>\nTaille : 73<\/p>\n<p>Si vous souhaitez plus de personnalisation sur votre serre-taille (motif, couleurs, taille) vous pouvez passer par la page contact pour me soumettre votre demande !<\/p>\n<p><strong><em><a href=\"https:\/\/repairedemorrigan.fr\/?p=1170\">Cliquez ici pour voir toute le guide des tailles !<\/a><\/em><\/strong><\/p>\n","protected":false},"featured_media":1340,"comment_status":"closed","ping_status":"closed","template":"","meta":[],"product_brand":[],"product_cat":[22,104,118],"product_tag":[28,80,78,79],"class_list":{"0":"post-1348","1":"product","2":"type-product","3":"status-publish","4":"has-post-thumbnail","6":"product_cat-boutique","7":"product_cat-corsets-serre-taille","8":"product_cat-nouveautes","9":"product_tag-cuir","10":"product_tag-larp","11":"product_tag-serre-taille","12":"product_tag-underbust","13":"product_shipping_class-gros-article-1kg-610-a-700e-indemn","15":"first","16":"instock","17":"shipping-taxable","18":"purchasable","19":"product-type-simple"},"jetpack_sharing_enabled":true,"_links":{"self":[{"href":"https:\/\/repairedemorrigan.fr\/index.php?rest_route=\/wp\/v2\/product\/1348","targetHints":{"allow":["GET"]}}],"collection":[{"href":"https:\/\/repairedemorrigan.fr\/index.php?rest_route=\/wp\/v2\/product"}],"about":[{"href":"https:\/\/repairedemorrigan.fr\/index.php?rest_route=\/wp\/v2\/types\/product"}],"replies":[{"embeddable":true,"href":"https:\/\/repairedemorrigan.fr\/index.php?rest_route=%2Fwp%2Fv2%2Fcomments&post=1348"}],"wp:featuredmedia":[{"embeddable":true,"href":"https:\/\/repairedemorrigan.fr\/index.php?rest_route=\/wp\/v2\/media\/1340"}],"wp:attachment":[{"href":"https:\/\/repairedemorrigan.fr\/index.php?rest_route=%2Fwp%2Fv2%2Fmedia&parent=1348"}],"wp:term":[{"taxonomy":"product_brand","embeddable":true,"href":"https:\/\/repairedemorrigan.fr\/index.php?rest_route=%2Fwp%2Fv2%2Fproduct_brand&post=1348"},{"taxonomy":"product_cat","embeddable":true,"href":"https:\/\/repairedemorrigan.fr\/index.php?rest_route=%2Fwp%2Fv2%2Fproduct_cat&post=1348"},{"taxonomy":"product_tag","embeddable":true,"href":"https:\/\/repairedemorrigan.fr\/index.php?rest_route=%2Fwp%2Fv2%2Fproduct_tag&post=1348"}],"curies":[{"name":"wp","href":"https:\/\/api.w.org\/{rel}","templated":true}]}}